{"id":1429,"date":"2019-07-19T01:24:32","date_gmt":"2019-07-19T00:24:32","guid":{"rendered":"http:\/\/www.jennymainuyen.de\/?page_id=1429"},"modified":"2021-06-08T13:35:28","modified_gmt":"2021-06-08T12:35:28","slug":"rabenmond","status":"publish","type":"page","link":"http:\/\/www.jennymainuyen.de\/?page_id=1429","title":{"rendered":"Rabenmond &#8211; Der magische Bund"},"content":{"rendered":"\n<figure class=\"wp-block-image size-large is-resized\"><img loading=\"lazy\" src=\"http:\/\/www.jennymainuyen.de\/uploads\/WynterCover7-700x1050.jpg\" alt=\"\" class=\"wp-image-1662\" width=\"304\" height=\"456\" srcset=\"http:\/\/www.jennymainuyen.de\/uploads\/WynterCover7-700x1050.jpg 700w, http:\/\/www.jennymainuyen.de\/uploads\/WynterCover7-333x500.jpg 333w, http:\/\/www.jennymainuyen.de\/uploads\/WynterCover7-768x1152.jpg 768w, http:\/\/www.jennymainuyen.de\/uploads\/WynterCover7-1024x1536.jpg 1024w, http:\/\/www.jennymainuyen.de\/uploads\/WynterCover7-1365x2048.jpg 1365w, http:\/\/www.jennymainuyen.de\/uploads\/WynterCover7.jpg 1600w\" sizes=\"(max-width: 304px) 100vw, 304px\" \/><figcaption>Macht Liebe ungerecht? Und wie abgr\u00fcndig kann Liebe sein, bevor sie ins Gegenteil kippt? Diese Fragen trieben mich um, als ich mit 19 den Roman schrieb, der unter dem Titel &#8220;Rabenmond&#8221; beim cbj-Verlag erschien. Ich war eher unzufrieden mit dem Ergebnis, wie eigentlich immer, wenn ich gerade etwas geschrieben habe. Aber bei dieser Geschichte legte sich das Gef\u00fchl mit der Zeit nicht. Schon der Titel war ein Kompromiss; ich wollte eigentlich, dass der Roman &#8220;Wynter&#8221; hei\u00dft, womit der Verlag aber nicht einverstanden war; auch durften die Herrscher nicht &#8220;Engel&#8221; sein, sondern mussten in &#8220;Drachen&#8221; umgetauft werden. Das hat in meinen Augen einen fatalen Fremdk\u00f6rper in die Geschichte gepflanzt. Heute, mehr als ein Jahrzehnt sp\u00e4ter, sind die Rechte f\u00fcr den Roman wieder an mich zur\u00fcckgefallen. Ich habe ihn umfassend \u00fcberarbeitet, hier gek\u00fcrzt und andernorts ausgebaut, und nun ist die Geschichte endlich so, wie ich sie immer erz\u00e4hlen wollte. Mit Stolz und Zufriedenheit (und auch ein wenig R\u00fchrung, wenn ich ehrlich sein darf) pr\u00e4sentiere ich hiermit &#8220;Wynter&#8221;. Ich hoffe, ihr werdet die neue, urspr\u00fcngliche Version auch viel stimmiger finden. Und wie findet ihr das Cover? Ich habe viel l\u00e4nger dran gesessen als n\u00f6tig, weil ich nicht aufh\u00f6ren konnte, es mir anzuschauen!<\/figcaption><\/figure>\n\n\n\n<figure class=\"wp-block-gallery columns-1 is-cropped\"><ul class=\"blocks-gallery-grid\"><li class=\"blocks-gallery-item\"><figure><img loading=\"lazy\" width=\"350\" height=\"557\" src=\"http:\/\/www.jennymainuyen.de\/uploads\/Rabenmond.cover_.jpg\" alt=\"\" data-id=\"1575\" data-link=\"http:\/\/www.jennymainuyen.de\/?attachment_id=1575\" class=\"wp-image-1575\" srcset=\"http:\/\/www.jennymainuyen.de\/uploads\/Rabenmond.cover_.jpg 350w, http:\/\/www.jennymainuyen.de\/uploads\/Rabenmond.cover_-314x500.jpg 314w\" sizes=\"(max-width: 350px) 100vw, 350px\" \/><\/figure><\/li><\/ul><\/figure>\n\n\n\n<figure class=\"wp-block-embed is-type-video is-provider-youtube wp-block-embed-youtube wp-embed-aspect-4-3 wp-has-aspect-ratio\"><div class=\"wp-block-embed__wrapper\">\n<iframe loading=\"lazy\" title=\"Jenny-Mai Nuyen - &quot;Rabenmond&quot;\" width=\"1333\" height=\"1000\" src=\"https:\/\/www.youtube.com\/embed\/Bir7irftd00?feature=oembed\" frameborder=\"0\" allow=\"accelerometer; autoplay; clipboard-write; encrypted-media; gyroscope; picture-in-picture\" allowfullscreen><\/iframe>\n<\/div><\/figure>\n\n\n\n<p><\/p>\n\n\n\n<figure class=\"wp-block-gallery columns-1\"><ul class=\"blocks-gallery-grid\"><li class=\"blocks-gallery-item\"><figure><img loading=\"lazy\" width=\"700\" height=\"973\" src=\"http:\/\/www.jennymainuyen.de\/uploads\/Rabenmond.cover3_-1-700x973.jpg\" alt=\"\" data-id=\"1578\" data-link=\"http:\/\/www.jennymainuyen.de\/?attachment_id=1578\" class=\"wp-image-1578\" srcset=\"http:\/\/www.jennymainuyen.de\/uploads\/Rabenmond.cover3_-1-700x973.jpg 700w, http:\/\/www.jennymainuyen.de\/uploads\/Rabenmond.cover3_-1-360x500.jpg 360w, http:\/\/www.jennymainuyen.de\/uploads\/Rabenmond.cover3_-1.jpg 737w\" sizes=\"(max-width: 700px) 100vw, 700px\" \/><figcaption class=\"blocks-gallery-item__caption\">OLYMPUS DIGITAL CAMERA<\/figcaption><\/figure><\/li><li class=\"blocks-gallery-item\"><figure><img loading=\"lazy\" width=\"700\" height=\"956\" src=\"http:\/\/www.jennymainuyen.de\/uploads\/Rabenmond.cover1_-700x956.jpg\" alt=\"\" data-id=\"1576\" data-link=\"http:\/\/www.jennymainuyen.de\/?attachment_id=1576\" class=\"wp-image-1576\" srcset=\"http:\/\/www.jennymainuyen.de\/uploads\/Rabenmond.cover1_-700x956.jpg 700w, http:\/\/www.jennymainuyen.de\/uploads\/Rabenmond.cover1_-366x500.jpg 366w, http:\/\/www.jennymainuyen.de\/uploads\/Rabenmond.cover1_-768x1048.jpg 768w, http:\/\/www.jennymainuyen.de\/uploads\/Rabenmond.cover1_.jpg 830w\" sizes=\"(max-width: 700px) 100vw, 700px\" \/><\/figure><\/li><li class=\"blocks-gallery-item\"><figure><img loading=\"lazy\" width=\"700\" height=\"515\" src=\"http:\/\/www.jennymainuyen.de\/uploads\/Rabenmond.cover2_-700x515.jpg\" alt=\"\" data-id=\"1577\" data-link=\"http:\/\/www.jennymainuyen.de\/?attachment_id=1577\" class=\"wp-image-1577\" srcset=\"http:\/\/www.jennymainuyen.de\/uploads\/Rabenmond.cover2_-700x515.jpg 700w, http:\/\/www.jennymainuyen.de\/uploads\/Rabenmond.cover2_-500x368.jpg 500w, http:\/\/www.jennymainuyen.de\/uploads\/Rabenmond.cover2_-768x565.jpg 768w, http:\/\/www.jennymainuyen.de\/uploads\/Rabenmond.cover2_.jpg 1133w\" sizes=\"(max-width: 700px) 100vw, 700px\" \/><\/figure><\/li><li class=\"blocks-gallery-item\"><figure><img loading=\"lazy\" width=\"700\" height=\"464\" src=\"http:\/\/www.jennymainuyen.de\/uploads\/Rabenmond.fluss_-700x464.jpg\" alt=\"\" data-id=\"1580\" data-link=\"http:\/\/www.jennymainuyen.de\/?attachment_id=1580\" class=\"wp-image-1580\" srcset=\"http:\/\/www.jennymainuyen.de\/uploads\/Rabenmond.fluss_-700x464.jpg 700w, http:\/\/www.jennymainuyen.de\/uploads\/Rabenmond.fluss_-500x332.jpg 500w, http:\/\/www.jennymainuyen.de\/uploads\/Rabenmond.fluss_-768x509.jpg 768w, http:\/\/www.jennymainuyen.de\/uploads\/Rabenmond.fluss_.jpg 959w\" sizes=\"(max-width: 700px) 100vw, 700px\" \/><\/figure><\/li><li class=\"blocks-gallery-item\"><figure><img loading=\"lazy\" width=\"700\" height=\"480\" src=\"http:\/\/www.jennymainuyen.de\/uploads\/Rabenmond.Palast-700x480.jpg\" alt=\"\" data-id=\"1586\" data-link=\"http:\/\/www.jennymainuyen.de\/?attachment_id=1586\" class=\"wp-image-1586\" srcset=\"http:\/\/www.jennymainuyen.de\/uploads\/Rabenmond.Palast-700x480.jpg 700w, http:\/\/www.jennymainuyen.de\/uploads\/Rabenmond.Palast-500x343.jpg 500w, http:\/\/www.jennymainuyen.de\/uploads\/Rabenmond.Palast-768x527.jpg 768w, http:\/\/www.jennymainuyen.de\/uploads\/Rabenmond.Palast.jpg 1024w\" sizes=\"(max-width: 700px) 100vw, 700px\" \/><\/figure><\/li><li class=\"blocks-gallery-item\"><figure><img loading=\"lazy\" width=\"640\" height=\"592\" src=\"http:\/\/www.jennymainuyen.de\/uploads\/Rabenmond.jagu-mion.jpg\" alt=\"\" data-id=\"1583\" data-link=\"http:\/\/www.jennymainuyen.de\/?attachment_id=1583\" class=\"wp-image-1583\" srcset=\"http:\/\/www.jennymainuyen.de\/uploads\/Rabenmond.jagu-mion.jpg 640w, http:\/\/www.jennymainuyen.de\/uploads\/Rabenmond.jagu-mion-500x463.jpg 500w\" sizes=\"(max-width: 640px) 100vw, 640px\" \/><\/figure><\/li><li class=\"blocks-gallery-item\"><figure><img loading=\"lazy\" width=\"700\" height=\"476\" src=\"http:\/\/www.jennymainuyen.de\/uploads\/Rabenmond.Kamin_-700x476.jpg\" alt=\"\" data-id=\"1584\" data-link=\"http:\/\/www.jennymainuyen.de\/?attachment_id=1584\" class=\"wp-image-1584\" srcset=\"http:\/\/www.jennymainuyen.de\/uploads\/Rabenmond.Kamin_-700x476.jpg 700w, http:\/\/www.jennymainuyen.de\/uploads\/Rabenmond.Kamin_-500x340.jpg 500w, http:\/\/www.jennymainuyen.de\/uploads\/Rabenmond.Kamin_-768x522.jpg 768w, http:\/\/www.jennymainuyen.de\/uploads\/Rabenmond.Kamin_.jpg 1024w\" sizes=\"(max-width: 700px) 100vw, 700px\" \/><\/figure><\/li><li class=\"blocks-gallery-item\"><figure><img loading=\"lazy\" width=\"399\" height=\"766\" src=\"http:\/\/www.jennymainuyen.de\/uploads\/Rabenmond.Faunia.jpg\" alt=\"\" data-id=\"1579\" data-link=\"http:\/\/www.jennymainuyen.de\/?attachment_id=1579\" class=\"wp-image-1579\" srcset=\"http:\/\/www.jennymainuyen.de\/uploads\/Rabenmond.Faunia.jpg 399w, http:\/\/www.jennymainuyen.de\/uploads\/Rabenmond.Faunia-260x500.jpg 260w\" sizes=\"(max-width: 399px) 100vw, 399px\" \/><\/figure><\/li><li class=\"blocks-gallery-item\"><figure><img loading=\"lazy\" width=\"700\" height=\"564\" src=\"http:\/\/www.jennymainuyen.de\/uploads\/Rabenmond.holypta-700x564.jpg\" alt=\"\" data-id=\"1582\" data-link=\"http:\/\/www.jennymainuyen.de\/?attachment_id=1582\" class=\"wp-image-1582\" srcset=\"http:\/\/www.jennymainuyen.de\/uploads\/Rabenmond.holypta-700x564.jpg 700w, http:\/\/www.jennymainuyen.de\/uploads\/Rabenmond.holypta-500x403.jpg 500w, http:\/\/www.jennymainuyen.de\/uploads\/Rabenmond.holypta-768x619.jpg 768w\" sizes=\"(max-width: 700px) 100vw, 700px\" \/><\/figure><\/li><li class=\"blocks-gallery-item\"><figure><img loading=\"lazy\" width=\"519\" height=\"540\" src=\"http:\/\/www.jennymainuyen.de\/uploads\/Rabenmond.mion_.jpg\" alt=\"\" data-id=\"1585\" data-link=\"http:\/\/www.jennymainuyen.de\/?attachment_id=1585\" class=\"wp-image-1585\" srcset=\"http:\/\/www.jennymainuyen.de\/uploads\/Rabenmond.mion_.jpg 519w, http:\/\/www.jennymainuyen.de\/uploads\/Rabenmond.mion_-481x500.jpg 481w\" sizes=\"(max-width: 519px) 100vw, 519px\" \/><\/figure><\/li><li class=\"blocks-gallery-item\"><figure><img loading=\"lazy\" width=\"700\" height=\"876\" src=\"http:\/\/www.jennymainuyen.de\/uploads\/Rabenmond.portraits-700x876.jpg\" alt=\"\" data-id=\"1587\" data-link=\"http:\/\/www.jennymainuyen.de\/?attachment_id=1587\" class=\"wp-image-1587\" srcset=\"http:\/\/www.jennymainuyen.de\/uploads\/Rabenmond.portraits-700x876.jpg 700w, http:\/\/www.jennymainuyen.de\/uploads\/Rabenmond.portraits-400x500.jpg 400w, http:\/\/www.jennymainuyen.de\/uploads\/Rabenmond.portraits.jpg 725w\" sizes=\"(max-width: 700px) 100vw, 700px\" \/><\/figure><\/li><li class=\"blocks-gallery-item\"><figure><img loading=\"lazy\" width=\"700\" height=\"622\" src=\"http:\/\/www.jennymainuyen.de\/uploads\/Rabenmond.thumbnail2-700x622.jpg\" alt=\"\" data-id=\"1589\" data-link=\"http:\/\/www.jennymainuyen.de\/?attachment_id=1589\" class=\"wp-image-1589\" srcset=\"http:\/\/www.jennymainuyen.de\/uploads\/Rabenmond.thumbnail2-700x622.jpg 700w, http:\/\/www.jennymainuyen.de\/uploads\/Rabenmond.thumbnail2-500x445.jpg 500w, http:\/\/www.jennymainuyen.de\/uploads\/Rabenmond.thumbnail2-768x683.jpg 768w, http:\/\/www.jennymainuyen.de\/uploads\/Rabenmond.thumbnail2.jpg 858w\" sizes=\"(max-width: 700px) 100vw, 700px\" \/><\/figure><\/li><li class=\"blocks-gallery-item\"><figure><img loading=\"lazy\" width=\"700\" height=\"428\" src=\"http:\/\/www.jennymainuyen.de\/uploads\/Rabenmond.thumbnails1-700x428.jpg\" alt=\"\" data-id=\"1590\" data-link=\"http:\/\/www.jennymainuyen.de\/?attachment_id=1590\" class=\"wp-image-1590\" srcset=\"http:\/\/www.jennymainuyen.de\/uploads\/Rabenmond.thumbnails1-700x428.jpg 700w, http:\/\/www.jennymainuyen.de\/uploads\/Rabenmond.thumbnails1-500x306.jpg 500w, http:\/\/www.jennymainuyen.de\/uploads\/Rabenmond.thumbnails1-768x470.jpg 768w, http:\/\/www.jennymainuyen.de\/uploads\/Rabenmond.thumbnails1.jpg 1024w\" sizes=\"(max-width: 700px) 100vw, 700px\" \/><\/figure><\/li><li class=\"blocks-gallery-item\"><figure><img loading=\"lazy\" width=\"700\" height=\"397\" src=\"http:\/\/www.jennymainuyen.de\/uploads\/Rabenmond.stadt-mond-700x397.jpg\" alt=\"\" data-id=\"1588\" data-link=\"http:\/\/www.jennymainuyen.de\/?attachment_id=1588\" class=\"wp-image-1588\" srcset=\"http:\/\/www.jennymainuyen.de\/uploads\/Rabenmond.stadt-mond-700x397.jpg 700w, http:\/\/www.jennymainuyen.de\/uploads\/Rabenmond.stadt-mond-500x284.jpg 500w, http:\/\/www.jennymainuyen.de\/uploads\/Rabenmond.stadt-mond-768x436.jpg 768w, http:\/\/www.jennymainuyen.de\/uploads\/Rabenmond.stadt-mond-950x540.jpg 950w, http:\/\/www.jennymainuyen.de\/uploads\/Rabenmond.stadt-mond.jpg 1921w\" sizes=\"(max-width: 700px) 100vw, 700px\" \/><\/figure><\/li><\/ul><\/figure>\n\n\n\n<p><\/p>\n\n\n\n<figure class=\"wp-block-image\"><img alt=\"\"\/><\/figure>\n","protected":false},"excerpt":{"rendered":"","protected":false},"author":2,"featured_media":0,"parent":0,"menu_order":0,"comment_status":"closed","ping_status":"closed","template":"","meta":[],"_links":{"self":[{"href":"http:\/\/www.jennymainuyen.de\/index.php?rest_route=\/wp\/v2\/pages\/1429"}],"collection":[{"href":"http:\/\/www.jennymainuyen.de\/index.php?rest_route=\/wp\/v2\/pages"}],"about":[{"href":"http:\/\/www.jennymainuyen.de\/index.php?rest_route=\/wp\/v2\/types\/page"}],"author":[{"embeddable":true,"href":"http:\/\/www.jennymainuyen.de\/index.php?rest_route=\/wp\/v2\/users\/2"}],"replies":[{"embeddable":true,"href":"http:\/\/www.jennymainuyen.de\/index.php?rest_route=%2Fwp%2Fv2%2Fcomments&post=1429"}],"version-history":[{"count":6,"href":"http:\/\/www.jennymainuyen.de\/index.php?rest_route=\/wp\/v2\/pages\/1429\/revisions"}],"predecessor-version":[{"id":1678,"href":"http:\/\/www.jennymainuyen.de\/index.php?rest_route=\/wp\/v2\/pages\/1429\/revisions\/1678"}],"wp:attachment":[{"href":"http:\/\/www.jennymainuyen.de\/index.php?rest_route=%2Fwp%2Fv2%2Fmedia&parent=1429"}],"curies":[{"name":"wp","href":"https:\/\/api.w.org\/{rel}","templated":true}]}}