{"id":256,"date":"2012-08-31T08:08:58","date_gmt":"2012-08-31T08:08:58","guid":{"rendered":"http:\/\/www.jennymainuyen.de\/?page_id=256"},"modified":"2019-10-08T11:04:41","modified_gmt":"2019-10-08T10:04:41","slug":"termine-2","status":"publish","type":"page","link":"http:\/\/www.jennymainuyen.de\/?page_id=256","title":{"rendered":""},"content":{"rendered":"<div>BuchCon auf der Frankfurter Buchmesse<\/div>\n<div>Samstag, 19.10.2019<\/div>\n<div>Lesung aus &#8220;Die T\u00f6chter von Ilian&#8221;<\/div>\n<div>Zeit: 13:00 Uhr<\/div>\n<div>Ort: B\u00fcrgerhaus Sprendlingen<\/div>\n<div>Fichtestra\u00dfe 50<\/div>\n<div>63303 Dreieich-Sprendlingen<\/div>\n<div>https:\/\/www.buchmessecon.de\/<\/div>\n<div><\/div>\n<div>*<\/div>\n<div><\/div>\n<div>BOOKFEST auf der Frankfurter Buchmesse<\/div>\n<div>Freitag, 18.10.2019<\/div>\n<div>Lesung aus &#8220;Die T\u00f6chter von Ilian&#8221; und Gespr\u00e4ch mit Jennifer J\u00e4ger<\/div>\n<div>Zeit: 16:00 Uhr<\/div>\n<div>Ort: 25hours The Trip Hotel<\/div>\n<div><span class=\"address-line1\">Niddastra\u00dfe 58<\/span><br \/>\n<span class=\"postal-code\">60329<\/span> <span class=\"locality\">Frankfurt am Main<\/span><\/div>\n<div>https:\/\/www.buchmesse.de\/veranstaltungen\/dream-ursula<\/div>\n<div><\/div>\n<div>*<\/div>\n<div><\/div>\n<div>Hin&amp;Herzo Kulturfest Herzogenaurach<\/div>\n<div>Freitag, 27.09.19<\/div>\n<div>Lesung aus &#8220;Die T\u00f6chter von Ilian&#8221;<\/div>\n<div>Zeit: 21:00 Uhr<\/div>\n<div>Ort: Granny&#8217;s Kitchen<\/div>\n<div>Steinweg 9<\/div>\n<div>91074 Herzogenaurach<\/div>\n<div><\/div>\n<div class=\"veranstaltungsort\">\n<div>*<\/div>\n<div><\/div>\n<div>Elbenwald-Festival,<\/div>\n<div>Samstag, 10.08.2019<\/div>\n<div>Lesung aus &#8220;Die T\u00f6chter von Ilian&#8221;<\/div>\n<div>Zeit: 15 Uhr<\/div>\n<div>Ort: Eventpark Luhm\u00fchlen<br \/>\nWestergellerser Heide<br \/>\n21394 Westergellersen<\/div>\n<div>https:\/\/www.elbenwald.de\/Festival\/line-up\/<\/div>\n<\/div>\n<div><\/div>\n<div>*<\/div>\n<div><\/div>\n<div>** War lange zu tr\u00e4ge, Termine aufzulisten; schaut zur Sicherheit auf Facebook oder Instagram vorbei, um mich nicht zu verpassen **<\/div>\n<div class=\"veranstaltungsort\">\n<div><\/div>\n<div>*<\/div>\n<div><\/div>\n<div class=\"veranstaltungsort\">Berlin,<\/div>\n<div class=\"veranstaltungsort\">Freitag, 04. August 2017<\/div>\n<div class=\"veranstaltungsort\">Open Air Buchpremiere von <a href=\"https:\/\/www.amazon.de\/Heartware-Jenny-Mai-Nuyen\/dp\/3499267071\">&#8220;Heartware&#8221;<\/a><\/div>\n<\/div>\n<div class=\"veranstaltungsort\">Zeit: 20:00 Uhr<\/div>\n<div class=\"veranstaltungsort\">Ort: Bibliothek am Wasserturm<\/div>\n<div class=\"veranstaltungsort\">Prenzlauer Allee 227\/228<\/div>\n<div class=\"veranstaltungsort\">10405 Berlin<\/div>\n<div class=\"veranstaltungsort\"><\/div>\n<div class=\"veranstaltungsort\">*<\/div>\n<div class=\"veranstaltungsort\"><\/div>\n<div class=\"veranstaltungsort\">\n<div class=\"veranstaltungsort\">T\u00fcbingen,<\/div>\n<div class=\"veranstaltungsdatum\">Samstag, 16. Mai 2015<\/div>\n<div class=\"veranstaltungsdatum\">Lesung mit Jenny-Mai Nuyen zu\u00a0<a class=\"titel-link\" href=\"http:\/\/www.dtv.de\/buecher\/nacht_ohne_namen_76109.html\">\u00bbNacht ohne Namen \u00ab<\/a><\/div>\n<div class=\"veranstaltungsdatum\"><span class=\"caption\">Zeit:<\/span> 17:00 Uhr<\/div>\n<div class=\"veranstaltungsdatum\"><span class=\"caption\">Ort:<\/span> Stadtb\u00fccherei, Veranstaltungsraum<\/div>\n<div class=\"veranstaltungsdatum\">Nonnengasse 19<\/div>\n<div class=\"veranstaltungsdatum\">Eine Veranstaltung im Rahmen des \u00bb<a href=\"http:\/\/www.tuebinger-buecherfest.de\/startseite.html\" target=\"_blank\" rel=\"noopener noreferrer\">T\u00fcbinger B\u00fccherfestes<\/a>\u00ab<\/div>\n<\/div>\n<div class=\"veranstaltungsort\"><\/div>\n<div class=\"veranstaltungsort\">*<\/div>\n<div class=\"veranstaltungsort\"><\/div>\n<div class=\"veranstaltungsort\">Berlin,<\/div>\n<div class=\"veranstaltungsort\">Freitag, 15. Mai 2015<\/div>\n<div class=\"veranstaltungsort\">Lesung \/ Gespr\u00e4ch zu\u00a0<a class=\"titel-link\" href=\"http:\/\/www.dtv.de\/buecher\/nacht_ohne_namen_76109.html\">\u00bbNacht ohne Namen \u00ab<\/a><\/div>\n<div class=\"veranstaltungsort\">Zeit: 20:00 Uhr<\/div>\n<div class=\"veranstaltungsort\">Wo: Otherland Buchhandlung<\/div>\n<div class=\"veranstaltungsort\">Bergmannstra\u00dfe 25, 10961 Berlin<\/div>\n<div class=\"veranstaltungsort\"><\/div>\n<div class=\"veranstaltungsort\">*<\/div>\n<div class=\"veranstaltungsort\"><\/div>\n<div class=\"veranstaltungsort\">Berlin,<\/div>\n<div class=\"veranstaltungsort\">Mittwoch, 25.02.2015<\/div>\n<div class=\"veranstaltungsort\">Lesung \/ Gespr\u00e4ch mit Jenny-Mai Nuyen zu\u00a0<a class=\"titel-link\" href=\"http:\/\/www.dtv.de\/buecher\/nacht_ohne_namen_76109.html\">\u00bbNacht ohne Namen \u00ab<\/a><\/div>\n<div class=\"veranstaltungsort\">Zeit: 10:00 Uhr<br \/>\nWo: Bezirkszentralbibliothek \u201eMark Twain\u201c<\/div>\n<div class=\"veranstaltungsort\">Marzahner Promenade 52-54, 12679 Berlin, Artothek<br \/>\nEintritt frei, Anmeldung erbeten unter (030) 54 704 142<\/div>\n<div class=\"veranstaltungsort\"><\/div>\n<div class=\"veranstaltungsort\">*<\/div>\n<div class=\"veranstaltungsort\"><\/div>\n<div class=\"veranstaltungsort\">Leipzig,<\/div>\n<div class=\"veranstaltungsdatum\">Donnerstag, 12. M\u00e4rz 2015<\/div>\n<div class=\"veranstaltungsdatum\">Lesung \/ Gespr\u00e4ch mit Jenny-Mai Nuyen zu\u00a0<a class=\"titel-link\" href=\"http:\/\/www.dtv.de\/buecher\/nacht_ohne_namen_76109.html\">\u00bbNacht ohne Namen \u00ab<\/a><\/div>\n<div class=\"veranstaltungsdatum\"><span class=\"caption\">Zeit:<\/span> 11:30 Uhr<\/div>\n<div class=\"veranstaltungsdatum\"><span class=\"caption\">Ort:<\/span> Kinder- und JugendKulturWerkstatt JOJO<\/div>\n<div class=\"veranstaltungsadresse\">Riebeckstra\u00dfe 51 a Hofeingang &#8211; 3. OG<\/div>\n<div class=\"veranstaltungsadresse\">Eine Veranstaltung im Rahmen von \u00bbLeipzig liest\u00ab<\/div>\n<p>*<\/p>\n<div class=\"veranstaltungsort\">Leipzig,<\/div>\n<div class=\"veranstaltungsdatum\">Donnerstag, 12. M\u00e4rz 2015<\/div>\n<div class=\"veranstaltungsdatum\">Signierstunde<\/div>\n<div class=\"veranstaltungsdatum\"><span class=\"caption\">Zeit:<\/span> 14:30 Uhr<\/div>\n<div class=\"veranstaltungsdatum\"><span class=\"caption\">Ort:<\/span> Leipziger Buchmesse \/ Autorenbuchhandlung, Halle 5, A 200<\/div>\n<div class=\"veranstaltungsdatum\"><\/div>\n<div class=\"veranstaltungsdatum\">*<\/div>\n<div class=\"veranstaltungsdatum\"><\/div>\n<div class=\"veranstaltungsdatum\">\n<div class=\"veranstaltungsort\">Leipzig,<\/div>\n<div class=\"veranstaltungsdatum\">Freitag, 13. M\u00e4rz 2015<\/div>\n<div class=\"veranstaltungsdatum\">Lesung \/ Gespr\u00e4ch mit Jenny-Mai Nuyen zu\u00a0<a class=\"titel-link\" href=\"http:\/\/www.dtv.de\/buecher\/nacht_ohne_namen_76109.html\">\u00bbNacht ohne Namen \u00ab<\/a><\/div>\n<div class=\"veranstaltungsdatum\"><span class=\"caption\">Zeit:<\/span> 13:30 Uhr<\/div>\n<div class=\"veranstaltungsdatum\"><span class=\"caption\">Ort:<\/span> Leipziger Buchmesse \/ Leseinsel Fantasy, Halle 2, H 309<\/div>\n<div class=\"veranstaltungsdatum\">Eine Veranstaltung im Rahmen von \u00bbLeipzig liest\u00ab<\/div>\n<\/div>\n<div class=\"veranstaltungsdatum\"><\/div>\n<div class=\"veranstaltungsdatum\">*<\/div>\n<div class=\"veranstaltungsdatum\"><\/div>\n<div class=\"veranstaltungsdatum\">\n<div class=\"veranstaltungsort\">Leipzig,<\/div>\n<div class=\"veranstaltungsdatum\">Freitag, 13. M\u00e4rz 2015<\/div>\n<div class=\"veranstaltungsdatum\">Lesung mit Jenny-Mai Nuyen zu\u00a0<a class=\"titel-link\" href=\"http:\/\/www.dtv.de\/buecher\/nacht_ohne_namen_76109.html\">\u00bbNacht ohne Namen \u00ab<\/a><\/div>\n<div class=\"veranstaltungsdatum\"><span class=\"caption\">Zeit:<\/span> 19:30 Uhr<\/div>\n<div class=\"veranstaltungsdatum\"><span class=\"caption\">Ort:<\/span> Caf\u00e9 Mintastique<\/div>\n<div class=\"veranstaltungsadresse\">Stra\u00dfe des 17. Juni 11<\/div>\n<div class=\"veranstaltungsadresse\">Moderation: Ellen Schweda<\/div>\n<div class=\"veranstaltungsadresse\">Eine Veranstaltung im Rahmen von \u00bbLeipzig liest\u00ab<\/div>\n<\/div>\n<div class=\"veranstaltungsdatum\"><\/div>\n<div class=\"veranstaltungsdatum\">*<\/div>\n<div class=\"veranstaltungsdatum\"><\/div>\n<div class=\"veranstaltungsdatum\">\n<div class=\"veranstaltungsort\">Wien,<\/div>\n<div class=\"veranstaltungsdatum\">Freitag, 20. M\u00e4rz 2015<\/div>\n<p>Lesung mit Jenny-Mai Nuyen<br \/>\n<a class=\"titel-link\" href=\"http:\/\/www.dtv.de\/autoren\/jenny-mai_nuyen_17581.html\" target=\"_top\" rel=\"noopener noreferrer\">Jenny-Mai Nuyen<\/a> <a class=\"titel-link\" href=\"http:\/\/www.dtv.de\/buecher\/nacht_ohne_namen_76109.html\">\u00bbNacht ohne Namen \u00ab<\/a><br \/>\n<span class=\"caption\">Zeit:<\/span> 16:30 Uhr<br \/>\n<span class=\"caption\">Ort:<\/span> Buchhandlung Kuppitsch<\/p>\n<div class=\"veranstaltungsadresse\">Schottengasse 4<\/div>\n<p>Eine Veranstaltung im Rahmen des Fantasyfestivals \u00bbVindragona\u00ab<\/p>\n<\/div>\n<div class=\"veranstaltungsdatum\"><\/div>\n<div class=\"veranstaltungsdatum\">*<\/div>\n<div class=\"veranstaltungsdatum\"><\/div>\n<div class=\"veranstaltungsdatum\">\n<div class=\"veranstaltungsort\">T\u00fcbingen,<\/div>\n<div class=\"veranstaltungsdatum\">Samstag, 16. Mai 2015<\/div>\n<div class=\"veranstaltungsdatum\">Lesung mit Jenny-Mai Nuyen zu\u00a0<a class=\"titel-link\" href=\"http:\/\/www.dtv.de\/buecher\/nacht_ohne_namen_76109.html\">\u00bbNacht ohne Namen \u00ab<\/a><\/div>\n<div class=\"veranstaltungsdatum\"><span class=\"caption\">Zeit:<\/span> 17:00 Uhr<\/div>\n<div class=\"veranstaltungsdatum\"><span class=\"caption\">Ort:<\/span> Stadtb\u00fccherei, Veranstaltungsraum<\/div>\n<div class=\"veranstaltungsdatum\">Nonnengasse 19<\/div>\n<div class=\"veranstaltungsdatum\">Eine Veranstaltung im Rahmen des \u00bb<a href=\"http:\/\/www.tuebinger-buecherfest.de\/startseite.html\" target=\"_blank\" rel=\"noopener noreferrer\">T\u00fcbinger B\u00fccherfestes<\/a>\u00ab<\/div>\n<\/div>\n<div class=\"veranstaltungsdatum\"><\/div>\n<p>*<\/p>\n<p>Am 12.04.14 k\u00f6nnt ihr ab 20:00 Uhr im <a href=\"https:\/\/schreibnacht.jennifer-jaeger.com\/board\/\">SCHREIBNACHTFORUM<\/a> von Jennifer J\u00e4ger eine Nacht lang mit mir zusammen schreiben und mich alles fragen, was ihr schon immer wissen wolltet! Wie man einen Roman schreibt und ver\u00f6ffentlicht, wie man Malfarbe aus Eiern herstellt, was der Sinn des Lebens ist &#8211; ich hab zu allem eine Antwort, die sich auf den ersten Lauscher nicht nur verr\u00fcckt anh\u00f6rt. Schaut vorbei! :)<\/p>\n<p>Am 19.Oktober 2012 findet die erste Lesung zu NOIR statt &#8211; in der legend\u00e4ren OTHERLAND Buchhandlung, Berlin:<\/p>\n<p><a href=\"http:\/\/www.otherland-berlin.de\/contenido\/cms\/front_content.php?idart=1138\">http:\/\/www.otherland-berlin.de\/contenido\/cms\/front_content.php?idart=1138<\/a><\/p>\n<p>Am 08.Oktober gibt es ein kleines Radio-Interview auf youFM zu h\u00f6ren!<\/p>\n<p>Am 04.Oktober 2012 zu Gast bei TV-Total:<\/p>\n<p><a href=\"http:\/\/tvtotal.prosieben.de\/tvtotal\/infos\/vorschau\/\">http:\/\/tvtotal.prosieben.de\/tvtotal\/infos\/vorschau\/<\/a><\/p>\n<p>Am 03.Oktober 2012 gibt es ein Radio-Interview bei 1Live von 23:00 bis 24:00 Uhr:<\/p>\n<p><a href=\"http:\/\/www.einslive.de\/sendungen\/plan_b\/talk\/2012\/10\/121003_talk_jenny_mai_nuyen.jsp\">http:\/\/www.einslive.de\/sendungen\/plan_b\/talk\/2012\/10\/121003_talk_jenny_mai_nuyen.jsp<\/a><\/p>\n<p>Am 22. September 2012 startet eine Blog-Tour zu NOIR auf folgenden Blogs:<\/p>\n<blockquote><p>22.9.\u00a0<a href=\"http:\/\/www.leselurch.de\/\" target=\"_blank\" rel=\"noopener noreferrer\">http:\/\/www.leselurch.de\/<\/a><\/p>\n<p>23.9.\u00a0<a href=\"http:\/\/his-and-her-books.blogspot.de\/\" target=\"_blank\" rel=\"noopener noreferrer\">http:\/\/his-and-her-books.<wbr \/>blogspot.de\/<\/a><\/p>\n<p>24.9.\u00a0<a href=\"http:\/\/claudias-buecherregal.blogspot.de\/\" target=\"_blank\" rel=\"noopener noreferrer\">http:\/\/claudias-buecherregal.<wbr \/>blogspot.de\/<\/a><\/p>\n<p>25.9.\u00a0<a href=\"http:\/\/bookaholics-for-life.blogspot.de\/\" target=\"_blank\" rel=\"noopener noreferrer\">http:\/\/bookaholics-for-life.<wbr \/>blogspot.de\/<\/a><\/p>\n<p>26.9.\u00a0<a href=\"http:\/\/booksaweek.blogspot.de\/\" target=\"_blank\" rel=\"noopener noreferrer\">http:\/\/booksaweek.blogspot.de\/<\/a><\/p>\n<p>27.9.\u00a0<a href=\"http:\/\/fantastic-book-blog.blogspot.de\/\" target=\"_blank\" rel=\"noopener noreferrer\">http:\/\/fantastic-book-blog.<wbr \/>blogspot.de\/<\/a><\/p>\n<p>28.9.\u00a0<a href=\"http:\/\/buchgedanken.blogspot.de\/\" target=\"_blank\" rel=\"noopener noreferrer\">http:\/\/buchgedanken.blogspot.<wbr \/>de\/<\/a><\/p>\n<p>29.9.\u00a0<a href=\"http:\/\/www.die-lesende-minderheit.blogspot.de\/\" target=\"_blank\" rel=\"noopener noreferrer\">http:\/\/www.die-lesende-<wbr \/>minderheit.blogspot.de\/<\/a><\/p>\n<p>30.9.\u00a0<a href=\"http:\/\/wondersbuecherkiste.blogspot.de\/\" target=\"_blank\" rel=\"noopener noreferrer\">http:\/\/wondersbuecherkiste.<wbr \/>blogspot.de\/<\/a><\/p>\n<p>1.10.\u00a0<a href=\"http:\/\/www.youtube.com\/user\/MeJulyTruly?feature=watch\" target=\"_blank\" rel=\"noopener noreferrer\">http:\/\/www.youtube.com\/user\/<wbr \/>MeJulyTruly?feature=watch<\/a>\u00a0&amp;\u00a0<a href=\"http:\/\/mejulytrulybooklove.blogspot.de\/\" target=\"_blank\" rel=\"noopener noreferrer\">http:\/\/mejulytrulybooklove.<wbr \/>blogspot.de\/<\/a><\/p>\n<p>2.10. Interview auf der Rowohlt Webseite<\/p><\/blockquote>\n<p>Am 01.Oktober 2012 erscheint der neue Roman\u00a0<a href=\"http:\/\/www.rowohlt.de\/buch\/Jenny_Mai_Nuyen_Noir.2961453.html\">NOIR<\/a>\u00a0bei Rowohlt Polaris:<\/p>\n<p><a href=\"http:\/\/www.rowohlt.de\/buch\/Jenny_Mai_Nuyen_Noir.2961453.html\" rel=\"attachment wp-att-183\"><img loading=\"lazy\" title=\"NOIR\" src=\"http:\/\/www.jennymainuyen.de\/uploads\/Nuyen_Noir_01-193x300.jpg\" alt=\"\" width=\"193\" height=\"300\" \/><\/a><\/p>\n<p>Hier findet ihr bald Termine, Lesungen und Auftritte von Jenny-Mai rund um das Erscheinen.<\/p>\n","protected":false},"excerpt":{"rendered":"<p>BuchCon auf der Frankfurter Buchmesse Samstag, 19.10.2019 Lesung aus &#8220;Die T\u00f6chter von Ilian&#8221; Zeit: 13:00 Uhr Ort: B\u00fcrgerhaus Sprendlingen Fichtestra\u00dfe 50 63303 Dreieich-Sprendlingen https:\/\/www.buchmessecon.de\/ * BOOKFEST auf der Frankfurter Buchmesse Freitag, 18.10.2019 Lesung aus &#8220;Die T\u00f6chter von Ilian&#8221; und Gespr\u00e4ch mit Jennifer J\u00e4ger Zeit: 16:00 Uhr Ort: 25hours The Trip Hotel Niddastra\u00dfe 58 60329 Frankfurt am Main https:\/\/www.buchmesse.de\/veranstaltungen\/dream-ursula * Hin&amp;Herzo Kulturfest Herzogenaurach Freitag, 27.09.19 Lesung aus &#8220;Die T\u00f6chter von Ilian&#8221; Zeit: 21:00 Uhr Ort: Granny&#8217;s Kitchen Steinweg 9 91074 Herzogenaurach * Elbenwald-Festival, Samstag, 10.08.2019 Lesung aus &#8220;Die T\u00f6chter von Ilian&#8221; Zeit: 15 Uhr Ort: Eventpark Luhm\u00fchlen Westergellerser Heide 21394 Westergellersen https:\/\/www.elbenwald.de\/Festival\/line-up\/ * ** War lange zu tr\u00e4ge, Termine aufzulisten; schaut&#8230;<\/p>\n","protected":false},"author":2,"featured_media":0,"parent":0,"menu_order":0,"comment_status":"open","ping_status":"open","template":"","meta":[],"_links":{"self":[{"href":"http:\/\/www.jennymainuyen.de\/index.php?rest_route=\/wp\/v2\/pages\/256"}],"collection":[{"href":"http:\/\/www.jennymainuyen.de\/index.php?rest_route=\/wp\/v2\/pages"}],"about":[{"href":"http:\/\/www.jennymainuyen.de\/index.php?rest_route=\/wp\/v2\/types\/page"}],"author":[{"embeddable":true,"href":"http:\/\/www.jennymainuyen.de\/index.php?rest_route=\/wp\/v2\/users\/2"}],"replies":[{"embeddable":true,"href":"http:\/\/www.jennymainuyen.de\/index.php?rest_route=%2Fwp%2Fv2%2Fcomments&post=256"}],"version-history":[{"count":18,"href":"http:\/\/www.jennymainuyen.de\/index.php?rest_route=\/wp\/v2\/pages\/256\/revisions"}],"predecessor-version":[{"id":1648,"href":"http:\/\/www.jennymainuyen.de\/index.php?rest_route=\/wp\/v2\/pages\/256\/revisions\/1648"}],"wp:attachment":[{"href":"http:\/\/www.jennymainuyen.de\/index.php?rest_route=%2Fwp%2Fv2%2Fmedia&parent=256"}],"curies":[{"name":"wp","href":"https:\/\/api.w.org\/{rel}","templated":true}]}}